{"id":2059,"date":"2021-09-06T05:31:42","date_gmt":"2021-09-06T03:31:42","guid":{"rendered":"http:\/\/sp2czaniec.edu.pl\/?page_id=2059"},"modified":"2025-11-03T12:26:35","modified_gmt":"2025-11-03T11:26:35","slug":"sukcesy-uczniow","status":"publish","type":"page","link":"https:\/\/sp2czaniec.edu.pl\/?page_id=2059","title":{"rendered":"Sukcesy uczni\u00f3w"},"content":{"rendered":"<p style=\"text-align: center;\"><em><strong><span style=\"font-family: book antiqua, palatino, serif; font-size: 14pt;\">Pi\u0119cioro naszych uczni\u00f3w zakwalifikowa\u0142o si\u0119 do II etapu Wojew\u00f3dzkich Konkurs\u00f3w Przedmiotowych:<\/span><\/strong><\/em><\/p>\n<p>&nbsp;<\/p>\n<p><span style=\"font-family: book antiqua, palatino, serif; font-size: 14pt;\">matematyka: Jakub Pomierny klasa 8a<\/span><\/p>\n<p><span style=\"font-family: book antiqua, palatino, serif; font-size: 14pt;\">j\u0119zyk angielski: Marcel Skrudlik klasa 8a, Krzysztof Sowa klasa 7b oraz Karol Mynarski klasa 5b<\/span><\/p>\n<p><span style=\"font-family: book antiqua, palatino, serif; font-size: 14pt;\">biologia: Magdalena Koprowska klasa 7b<\/span><\/p>\n<p>&nbsp;<\/p>\n<p style=\"text-align: center;\"><span style=\"font-family: book antiqua, palatino, serif; font-size: 14pt;\">Gratulujemy i \u017cyczymy powodzenie w czasie pisania II etapu konkursu<br \/>\n(matematyka 4.11, j\u0119zyk angielski 5.11, biologia 6.11)<\/span><\/p>\n","protected":false},"excerpt":{"rendered":"<p>Pi\u0119cioro naszych uczni\u00f3w zakwalifikowa\u0142o si\u0119 do II etapu Wojew\u00f3dzkich Konkurs\u00f3w Przedmiotowych: &nbsp; matematyka: Jakub Pomierny klasa 8a j\u0119zyk angielski: Marcel Skrudlik klasa 8a, Krzysztof Sowa klasa 7b oraz Karol Mynarski klasa 5b biologia: Magdalena Koprowska klasa 7b &nbsp; Gratulujemy i \u017cyczymy powodzenie w czasie pisania II etapu konkursu (matematyka 4.11, [&hellip;]<\/p>\n","protected":false},"author":1,"featured_media":0,"parent":0,"menu_order":0,"comment_status":"closed","ping_status":"closed","template":"","meta":{"ngg_post_thumbnail":0,"footnotes":""},"class_list":["post-2059","page","type-page","status-publish","hentry"],"_links":{"self":[{"href":"https:\/\/sp2czaniec.edu.pl\/index.php?rest_route=\/wp\/v2\/pages\/2059","targetHints":{"allow":["GET"]}}],"collection":[{"href":"https:\/\/sp2czaniec.edu.pl\/index.php?rest_route=\/wp\/v2\/pages"}],"about":[{"href":"https:\/\/sp2czaniec.edu.pl\/index.php?rest_route=\/wp\/v2\/types\/page"}],"author":[{"embeddable":true,"href":"https:\/\/sp2czaniec.edu.pl\/index.php?rest_route=\/wp\/v2\/users\/1"}],"replies":[{"embeddable":true,"href":"https:\/\/sp2czaniec.edu.pl\/index.php?rest_route=%2Fwp%2Fv2%2Fcomments&post=2059"}],"version-history":[{"count":4,"href":"https:\/\/sp2czaniec.edu.pl\/index.php?rest_route=\/wp\/v2\/pages\/2059\/revisions"}],"predecessor-version":[{"id":6379,"href":"https:\/\/sp2czaniec.edu.pl\/index.php?rest_route=\/wp\/v2\/pages\/2059\/revisions\/6379"}],"wp:attachment":[{"href":"https:\/\/sp2czaniec.edu.pl\/index.php?rest_route=%2Fwp%2Fv2%2Fmedia&parent=2059"}],"curies":[{"name":"wp","href":"https:\/\/api.w.org\/{rel}","templated":true}]}}