{"id":2061,"date":"2021-09-06T05:32:04","date_gmt":"2021-09-06T03:32:04","guid":{"rendered":"http:\/\/sp2czaniec.edu.pl\/?page_id=2061"},"modified":"2025-11-05T08:42:53","modified_gmt":"2025-11-05T07:42:53","slug":"kontakt","status":"publish","type":"page","link":"https:\/\/sp2czaniec.edu.pl\/?page_id=2061","title":{"rendered":"Kontakt"},"content":{"rendered":"<p style=\"text-align: center;\"><span style=\"font-size: 14pt;\"><strong><img fetchpriority=\"high\" decoding=\"async\" class=\" wp-image-6416 alignleft\" src=\"http:\/\/sp2czaniec.edu.pl\/wp-content\/uploads\/2025\/11\/IMG_20251105_070553232_HDR_AE-300x169.jpg\" alt=\"\" width=\"392\" height=\"221\" srcset=\"https:\/\/sp2czaniec.edu.pl\/wp-content\/uploads\/2025\/11\/IMG_20251105_070553232_HDR_AE-300x169.jpg 300w, https:\/\/sp2czaniec.edu.pl\/wp-content\/uploads\/2025\/11\/IMG_20251105_070553232_HDR_AE-1024x576.jpg 1024w, https:\/\/sp2czaniec.edu.pl\/wp-content\/uploads\/2025\/11\/IMG_20251105_070553232_HDR_AE-768x432.jpg 768w, https:\/\/sp2czaniec.edu.pl\/wp-content\/uploads\/2025\/11\/IMG_20251105_070553232_HDR_AE-1536x864.jpg 1536w, https:\/\/sp2czaniec.edu.pl\/wp-content\/uploads\/2025\/11\/IMG_20251105_070553232_HDR_AE-2048x1152.jpg 2048w\" sizes=\"(max-width: 392px) 100vw, 392px\" \/><\/strong><\/span><\/p>\n<p style=\"text-align: center;\"><span style=\"font-size: 18pt; font-family: book antiqua, palatino, serif;\"><strong>Szko\u0142a Podstawowa nr 2 im. Kard. Karola Wojty\u0142y w Cza\u0144cu<\/strong><\/span><\/p>\n<p style=\"text-align: center;\"><span style=\"font-size: 14pt; font-family: book antiqua, palatino, serif;\"><strong>ul. Kard. K. Wojty\u0142y 119<\/strong><\/span><\/p>\n<p style=\"text-align: center;\"><span style=\"font-size: 14pt; font-family: book antiqua, palatino, serif;\"><strong>43-354 Czaniec<\/strong><\/span><\/p>\n<p style=\"text-align: center;\"><span style=\"font-size: 14pt; font-family: book antiqua, palatino, serif;\"><strong>NIP &#8211; 937-269-82-08<\/strong><\/span><\/p>\n<p style=\"text-align: center;\"><span style=\"font-size: 14pt; font-family: book antiqua, palatino, serif;\"><strong>BIP <a href=\"http:\/\/bip.sp2czaniec.porabka.pl\">bip.sp2czaniec.porabka.pl<\/a><\/strong><\/span><\/p>\n<p>&nbsp;<\/p>\n<p style=\"text-align: center;\"><span style=\"font-size: 14pt; font-family: book antiqua, palatino, serif;\"><strong>Adresy e-mail:<\/strong><\/span><\/p>\n<p style=\"text-align: center;\"><span style=\"font-family: book antiqua, palatino, serif;\"><a href=\"mailto:sp2czaniec@gmail.com\"><span style=\"font-size: 14pt;\">sp2czaniec@gmail.com<\/span><\/a><\/span><\/p>\n<p style=\"text-align: center;\"><span style=\"font-family: book antiqua, palatino, serif;\"><a href=\"mailto:sekretariat@sp2czaniec.edu.pl\"><span style=\"font-size: 14pt;\">sekretariat@sp2czaniec.edu.pl<\/span><\/a><\/span><\/p>\n<p style=\"text-align: center;\"><span style=\"font-family: book antiqua, palatino, serif;\"><a href=\"mailto:dyrektor@sp2czaniec.edu.pl\"><span style=\"font-size: 14pt;\">dyrektor@sp2czaniec.edu.pl<\/span><\/a><\/span><\/p>\n<p>&nbsp;<\/p>\n<p style=\"text-align: center;\"><span style=\"font-family: book antiqua, palatino, serif;\"><strong><span style=\"font-size: 14pt;\">Adres do e-Dor\u0119cze\u0144: <\/span><\/strong><\/span><\/p>\n<p style=\"text-align: center;\"><span style=\"font-family: book antiqua, palatino, serif; font-size: 14pt;\">AE:PL-44185-44308-RDJAF-24<\/span><\/p>\n<p>&nbsp;<\/p>\n<p>&nbsp;<\/p>\n<p>&nbsp;<\/p>\n<p>&nbsp;<\/p>\n<p>&nbsp;<\/p>\n","protected":false},"excerpt":{"rendered":"<p>Szko\u0142a Podstawowa nr 2 im. Kard. Karola Wojty\u0142y w Cza\u0144cu ul. Kard. K. Wojty\u0142y 119 43-354 Czaniec NIP &#8211; 937-269-82-08 BIP bip.sp2czaniec.porabka.pl &nbsp; Adresy e-mail: sp2czaniec@gmail.com sekretariat@sp2czaniec.edu.pl dyrektor@sp2czaniec.edu.pl &nbsp; Adres do e-Dor\u0119cze\u0144: AE:PL-44185-44308-RDJAF-24 &nbsp; &nbsp; &nbsp; &nbsp; &nbsp;<\/p>\n","protected":false},"author":1,"featured_media":0,"parent":0,"menu_order":0,"comment_status":"closed","ping_status":"closed","template":"","meta":{"ngg_post_thumbnail":0,"footnotes":""},"class_list":["post-2061","page","type-page","status-publish","hentry"],"_links":{"self":[{"href":"https:\/\/sp2czaniec.edu.pl\/index.php?rest_route=\/wp\/v2\/pages\/2061","targetHints":{"allow":["GET"]}}],"collection":[{"href":"https:\/\/sp2czaniec.edu.pl\/index.php?rest_route=\/wp\/v2\/pages"}],"about":[{"href":"https:\/\/sp2czaniec.edu.pl\/index.php?rest_route=\/wp\/v2\/types\/page"}],"author":[{"embeddable":true,"href":"https:\/\/sp2czaniec.edu.pl\/index.php?rest_route=\/wp\/v2\/users\/1"}],"replies":[{"embeddable":true,"href":"https:\/\/sp2czaniec.edu.pl\/index.php?rest_route=%2Fwp%2Fv2%2Fcomments&post=2061"}],"version-history":[{"count":12,"href":"https:\/\/sp2czaniec.edu.pl\/index.php?rest_route=\/wp\/v2\/pages\/2061\/revisions"}],"predecessor-version":[{"id":6423,"href":"https:\/\/sp2czaniec.edu.pl\/index.php?rest_route=\/wp\/v2\/pages\/2061\/revisions\/6423"}],"wp:attachment":[{"href":"https:\/\/sp2czaniec.edu.pl\/index.php?rest_route=%2Fwp%2Fv2%2Fmedia&parent=2061"}],"curies":[{"name":"wp","href":"https:\/\/api.w.org\/{rel}","templated":true}]}}