{"id":2135,"date":"2021-09-15T06:27:35","date_gmt":"2021-09-15T04:27:35","guid":{"rendered":"http:\/\/sp2czaniec.edu.pl\/?page_id=2135"},"modified":"2025-11-24T09:51:53","modified_gmt":"2025-11-24T08:51:53","slug":"biblioteka-szkolna","status":"publish","type":"page","link":"https:\/\/sp2czaniec.edu.pl\/?page_id=2135","title":{"rendered":"Biblioteka szkolna"},"content":{"rendered":"<p style=\"text-align: left;\" align=\"center\"><span style=\"font-family: Georgia, serif;\"><span style=\"font-size: medium;\"><b><img fetchpriority=\"high\" decoding=\"async\" class=\"alignnone wp-image-6279\" src=\"http:\/\/sp2czaniec.edu.pl\/wp-content\/uploads\/2025\/10\/csm_biblio01_c239c1ce89-300x129.png\" alt=\"\" width=\"400\" height=\"172\" srcset=\"https:\/\/sp2czaniec.edu.pl\/wp-content\/uploads\/2025\/10\/csm_biblio01_c239c1ce89-300x129.png 300w, https:\/\/sp2czaniec.edu.pl\/wp-content\/uploads\/2025\/10\/csm_biblio01_c239c1ce89.png 555w\" sizes=\"(max-width: 400px) 100vw, 400px\" \/>&nbsp; &nbsp; GODZINY PRACY BIBLIOTEKI SZKOLNEJ<\/b><\/span><\/span><\/p>\n<p style=\"text-align: left;\" align=\"center\">&nbsp;<\/p>\n<p style=\"text-align: left;\" align=\"center\"><span style=\"font-family: book antiqua, palatino, serif; font-size: 12pt;\"><b>mgr Marzena Tomiak<br \/>\n<\/b><\/span><\/p>\n<p style=\"text-align: left;\" align=\"center\"><span style=\"font-size: 12pt; font-family: book antiqua, palatino, serif;\"><strong>mgr Teresa Bryniak &#8211; Mazur<br \/>\n<\/strong><\/span><\/p>\n<p style=\"text-align: left;\" align=\"center\"><span style=\"font-size: 12pt; font-family: book antiqua, palatino, serif;\"><strong>mgr Katarzyna Wr\u00f3blewska<\/strong><\/span><\/p>\n<p align=\"center\">&nbsp;<\/p>\n<p style=\"text-align: left;\" align=\"center\"><span style=\"font-family: Georgia, serif;\"><span style=\"font-size: medium;\">poniedzia\u0142ek: 07.00 &#8211; 07.35, 10.30 &#8211; 14.00<\/span><\/span><\/p>\n<p style=\"text-align: left;\" align=\"center\"><span style=\"font-family: Georgia, serif;\"><span style=\"font-size: medium;\">wtorek: 08.00 &#8211; 14.00<\/span><\/span><\/p>\n<p style=\"text-align: left;\" align=\"center\"><span style=\"font-family: Georgia, serif;\"><span style=\"font-size: medium;\">\u015broda: 07.00 &#8211; 10.35, 11.30 &#8211; 13.30<\/span><\/span><\/p>\n<p style=\"text-align: left;\" align=\"center\"><span style=\"font-family: Georgia, serif;\"><span style=\"font-size: medium;\">czwartek: 07.15 &#8211; 12.35<\/span><\/span><\/p>\n<p style=\"text-align: left;\" align=\"center\"><span style=\"font-family: Georgia, serif;\"><span style=\"font-size: medium;\">pi\u0105tek: 07.30 &#8211; 13.05<\/span><\/span><\/p>\n","protected":false},"excerpt":{"rendered":"<p>&nbsp; &nbsp; GODZINY PRACY BIBLIOTEKI SZKOLNEJ &nbsp; mgr Marzena Tomiak mgr Teresa Bryniak &#8211; Mazur mgr Katarzyna Wr\u00f3blewska &nbsp; poniedzia\u0142ek: 07.00 &#8211; 07.35, 10.30 &#8211; 14.00 wtorek: 08.00 &#8211; 14.00 \u015broda: 07.00 &#8211; 10.35, 11.30 &#8211; 13.30 czwartek: 07.15 &#8211; 12.35 pi\u0105tek: 07.30 &#8211; 13.05<\/p>\n","protected":false},"author":1,"featured_media":0,"parent":0,"menu_order":0,"comment_status":"closed","ping_status":"closed","template":"","meta":{"ngg_post_thumbnail":0,"footnotes":""},"class_list":["post-2135","page","type-page","status-publish","hentry"],"_links":{"self":[{"href":"https:\/\/sp2czaniec.edu.pl\/index.php?rest_route=\/wp\/v2\/pages\/2135","targetHints":{"allow":["GET"]}}],"collection":[{"href":"https:\/\/sp2czaniec.edu.pl\/index.php?rest_route=\/wp\/v2\/pages"}],"about":[{"href":"https:\/\/sp2czaniec.edu.pl\/index.php?rest_route=\/wp\/v2\/types\/page"}],"author":[{"embeddable":true,"href":"https:\/\/sp2czaniec.edu.pl\/index.php?rest_route=\/wp\/v2\/users\/1"}],"replies":[{"embeddable":true,"href":"https:\/\/sp2czaniec.edu.pl\/index.php?rest_route=%2Fwp%2Fv2%2Fcomments&post=2135"}],"version-history":[{"count":12,"href":"https:\/\/sp2czaniec.edu.pl\/index.php?rest_route=\/wp\/v2\/pages\/2135\/revisions"}],"predecessor-version":[{"id":6511,"href":"https:\/\/sp2czaniec.edu.pl\/index.php?rest_route=\/wp\/v2\/pages\/2135\/revisions\/6511"}],"wp:attachment":[{"href":"https:\/\/sp2czaniec.edu.pl\/index.php?rest_route=%2Fwp%2Fv2%2Fmedia&parent=2135"}],"curies":[{"name":"wp","href":"https:\/\/api.w.org\/{rel}","templated":true}]}}