{"id":2137,"date":"2021-09-15T06:27:50","date_gmt":"2021-09-15T04:27:50","guid":{"rendered":"http:\/\/sp2czaniec.edu.pl\/?page_id=2137"},"modified":"2025-11-14T09:57:40","modified_gmt":"2025-11-14T08:57:40","slug":"swietlica-szkolna","status":"publish","type":"page","link":"https:\/\/sp2czaniec.edu.pl\/?page_id=2137","title":{"rendered":"\u015awietlica szkolna"},"content":{"rendered":"<p style=\"text-align: left;\" align=\"center\"><span style=\"font-family: Georgia, serif;\"><span style=\"font-size: medium;\"><b><img decoding=\"async\" class=\"size-medium wp-image-2391 alignleft\" src=\"http:\/\/sp2czaniec.edu.pl\/wp-content\/uploads\/2021\/10\/swietlica-300x125.jpg\" alt=\"\" width=\"300\" height=\"125\" srcset=\"https:\/\/sp2czaniec.edu.pl\/wp-content\/uploads\/2021\/10\/swietlica-300x125.jpg 300w, https:\/\/sp2czaniec.edu.pl\/wp-content\/uploads\/2021\/10\/swietlica.jpg 512w\" sizes=\"(max-width: 300px) 100vw, 300px\" \/><\/b><\/span><\/span><b><\/b><\/p>\n<p align=\"center\">&nbsp;<\/p>\n<p style=\"text-align: left;\" align=\"center\"><span style=\"font-family: Georgia, serif; font-size: 14pt;\"><b>GODZINY PRACY \u015aWIETLICY SZKOLNEJ<\/b><\/span><\/p>\n<p align=\"center\">&nbsp;<\/p>\n<p align=\"center\">&nbsp;<\/p>\n<p style=\"text-align: left;\" align=\"center\"><span style=\"font-family: Georgia, serif;\"><span style=\"font-size: medium;\">mgr Krystyna Borowczyk<\/span><\/span><\/p>\n<p style=\"text-align: left;\" align=\"center\">mgr Teresa Bryniak &#8211; Mazur<\/p>\n<p style=\"text-align: left;\" align=\"center\"><span style=\"font-family: Georgia, serif;\"><span style=\"font-size: medium;\">mgr Monika Dyba\u0142<\/span><\/span><\/p>\n<p style=\"text-align: left;\" align=\"center\">mgr Ewelina Kudzia<\/p>\n<p style=\"text-align: left;\" align=\"center\">mgr Grzegorz Piekie\u0142ko<\/p>\n<p style=\"text-align: left;\" align=\"center\">mgr Aneta Sepio\u0142o<\/p>\n<p style=\"text-align: left;\" align=\"center\"><span style=\"font-family: Georgia, serif;\"><span style=\"font-size: medium;\">mgr <\/span><\/span><span style=\"font-family: Georgia, serif;\"><span style=\"font-size: medium;\">Anna Skrzypiec<br \/>\n<\/span><\/span><\/p>\n<p style=\"text-align: left;\" align=\"center\">mgr Katarzyna Witkowska<\/p>\n<p style=\"text-align: left;\" align=\"center\">mgr Katarzyna Wr\u00f3blewska<\/p>\n<p style=\"text-align: left;\" align=\"center\">&nbsp;<\/p>\n<p style=\"text-align: left;\" align=\"center\"><span style=\"font-family: Georgia, serif;\"><span style=\"font-size: medium;\">&nbsp;<\/span><\/span><\/p>\n<p style=\"text-align: center;\" align=\"center\"><strong><span style=\"font-family: Georgia, serif; font-size: 18pt;\">codziennie od 7.00 do 16.00<\/span><\/strong><\/p>\n<p align=\"center\">&nbsp;<\/p>\n<p align=\"center\"><a href=\"http:\/\/sp2czaniec.edu.pl\/wp-content\/uploads\/2022\/09\/karta_zgloszenia_swietlica.pdf\">Karta zg\u0142oszenia dziecka do \u015bwietlicy (pobierz)<\/a><\/p>\n<p style=\"text-align: left;\" align=\"center\">&nbsp;<\/p>\n<p align=\"center\"><span style=\"font-family: Georgia, serif; font-size: 14pt;\"><b>STO\u0141\u00d3WKA SZKOLNA<\/b><\/span><\/p>\n<p align=\"center\">&nbsp;<\/p>\n<p align=\"center\"><span style=\"font-family: Georgia, serif;\"><span style=\"font-size: medium;\"><b>Przerwy obiadowe:<\/b><\/span><\/span><\/p>\n<p style=\"text-align: center;\" align=\"left\"><span style=\"font-family: Georgia, serif;\"><span style=\"font-size: medium;\"> 11.20 \u2013 11.35<br \/>\n<\/span><\/span><\/p>\n<p style=\"text-align: center;\" align=\"left\"><span style=\"font-family: Georgia, serif;\"><span style=\"font-size: medium;\"> 12.20 \u2013 12.35 <\/span><\/span><\/p>\n<p style=\"text-align: center;\" align=\"left\"><span style=\"font-family: Georgia, serif;\"><span style=\"font-size: medium;\"> 13.20 \u2013 13.30<br \/>\n<\/span><\/span><\/p>\n<p lang=\"zxx\" style=\"text-align: center;\"><span style=\"font-family: Times New Roman, serif; font-size: 14pt;\"><b>Zasady korzystania z us\u0142ug sto\u0142\u00f3wki<\/b><\/span><\/p>\n<p lang=\"zxx\"><span style=\"font-family: Times New Roman, serif;\"><span style=\"font-size: medium;\">1) op\u0142ata ucznia za obiad:<\/span><\/span><b> <\/b><span style=\"font-family: Times New Roman, serif;\"><span style=\"font-size: medium;\"><b>5,0<\/b><\/span><\/span><span style=\"font-family: Times New Roman, serif;\"><span style=\"font-size: medium;\"><b>0<\/b><\/span><\/span><span style=\"font-family: Times New Roman, serif;\"><span style=\"font-size: medium;\"><b> z\u0142<\/b><\/span><\/span><\/p>\n<p lang=\"zxx\" align=\"justify\"><span style=\"font-family: Times New Roman, serif;\"><span style=\"font-size: medium;\">2)<\/span><\/span><b> <\/b><span style=\"color: #000000;\"><span style=\"font-family: Times New Roman, serif;\"><span style=\"font-size: medium;\">Wp\u0142aty za obiady za bie\u017c\u0105cy miesi\u0105c nale\u017cy <\/span><\/span><\/span><span style=\"color: #000000;\"><span style=\"font-family: Times New Roman, serif;\"><span style=\"font-size: medium;\">dokona\u0107<\/span><\/span><\/span><span style=\"color: #000000;\"><span style=\"font-family: Times New Roman, serif;\"><span style=\"font-size: medium;\"><b> do <\/b><\/span><\/span><\/span><span style=\"color: #000000;\"><span style=\"font-family: Times New Roman, serif;\"><span style=\"font-size: medium;\"><b>10<\/b><\/span><\/span><\/span><span style=\"color: #000000;\"><span style=\"font-family: Times New Roman, serif;\"><span style=\"font-size: medium;\"><b> dnia <\/b><\/span><\/span><\/span><span style=\"color: #000000;\"><span style=\"font-family: Times New Roman, serif;\"><span style=\"font-size: medium;\"><b>nast\u0119pnego<\/b><\/span><\/span><\/span><span style=\"color: #000000;\"><span style=\"font-family: Times New Roman, serif;\"><span style=\"font-size: medium;\"><b>&nbsp;miesi\u0105ca <\/b><\/span><\/span><\/span><span style=\"color: #000000;\"><span style=\"font-family: Times New Roman, serif;\"><span style=\"font-size: medium;\">na nr konta bankowego <\/span><\/span><\/span><span style=\"color: #000000;\"><span style=\"font-family: Times New Roman, serif;\"><span style=\"font-size: medium;\">Szko\u0142y Podstawowej nr 2<\/span><\/span><\/span><span style=\"color: #000000;\"><span style=\"font-family: Times New Roman, serif;\"><span style=\"font-size: medium;\"> w Cza\u0144cu<\/span><\/span><\/span><span style=\"color: #000000;\"><span style=\"font-family: Times New Roman, serif;\"><span style=\"font-size: medium;\">:<\/span><\/span><\/span><b> <\/b><span style=\"color: #000000;\"><span style=\"font-family: Times New Roman, serif;\"><span style=\"font-size: medium;\"><b>28 8124 0009 2001 0026 9524 0003<\/b><\/span><\/span><\/span><\/p>\n<p lang=\"zxx\" align=\"justify\"><span style=\"color: #000000;\"><span style=\"font-family: Times New Roman, serif;\"><span style=\"font-size: medium;\">tytu\u0142em: <\/span><\/span><\/span><span style=\"color: #000000;\"><span style=\"font-family: Times New Roman, serif;\"><span style=\"font-size: medium;\"><i>imi\u0119 i nazwisko ucznia<\/i><\/span><\/span><\/span><span style=\"color: #000000;\"><span style=\"font-family: Times New Roman, serif;\"><span style=\"font-size: medium;\"> op\u0142ata za obiady \u2013 <\/span><\/span><\/span><span style=\"color: #000000;\"><span style=\"font-family: Times New Roman, serif;\"><span style=\"font-size: medium;\"><i>miesi\u0105c<\/i><\/span><\/span><\/span><\/p>\n<p lang=\"zxx\" align=\"justify\"><span style=\"color: #000000;\"><span style=\"font-family: Times New Roman, serif;\"><span style=\"font-size: medium;\"><b>Wp\u0142aty nale\u017cy dokonywa\u0107 po otrzymaniu informacji dotycz\u0105cej wysoko\u015bci op\u0142at za poprzedni miesi\u0105c.<\/b><\/span><\/span><\/span><\/p>\n<p lang=\"zxx\"><span style=\"font-family: Times New Roman, serif;\"><span style=\"font-size: medium;\">3) W dni wolne od zaj<\/span><\/span><span style=\"font-family: TimesNewRoman;\"><span style=\"font-size: medium;\">\u0119\u0107 <\/span><\/span><span style=\"font-family: Times New Roman, serif;\"><span style=\"font-size: medium;\">lekcyjnych sto\u0142\u00f3wka jest nieczynna.<\/span><\/span><\/p>\n<p lang=\"zxx\" align=\"justify\"><span style=\"font-family: Times New Roman, serif;\"><span style=\"font-size: medium;\">4) <\/span><\/span><span style=\"font-family: Times New Roman, serif;\"><span style=\"font-size: medium;\">Nieobecno<\/span><\/span><span style=\"font-family: TimesNewRoman;\"><span style=\"font-size: medium;\">\u015b<\/span><\/span><span style=\"font-family: Times New Roman, serif;\"><span style=\"font-size: medium;\">ci<\/span><\/span><b> <\/b><span style=\"font-family: Times New Roman, serif;\"><span style=\"font-size: medium;\">dzieci na obiadach nale<\/span><\/span><span style=\"font-family: TimesNewRoman;\"><span style=\"font-size: medium;\">\u017c<\/span><\/span><span style=\"font-family: Times New Roman, serif;\"><span style=\"font-size: medium;\">y zg\u0142asza<\/span><\/span><span style=\"font-family: TimesNewRoman;\"><span style=\"font-size: medium;\">\u0107 <\/span><\/span><span style=\"font-family: TimesNewRoman;\"><span style=\"font-size: medium;\">najp\u00f3\u017aniej w dniu nieobecno\u015bci<\/span><\/span><b> <\/b><span style=\"font-family: Times New Roman, serif;\"><span style=\"font-size: medium;\">pod <\/span><\/span><span style=\"font-family: Times New Roman, serif;\"><span style=\"font-size: medium;\">szkolnym<\/span><\/span><span style=\"font-family: Times New Roman, serif;\"><span style=\"font-size: medium;\"> numerem telefonu <\/span><\/span><span style=\"font-family: Times New Roman, serif;\"><span style=\"font-size: medium;\">33 810 91 11<\/span><\/span><b> <\/b><span style=\"font-family: Times New Roman, serif;\"><span style=\"font-size: medium;\">w godzinach od 7.<\/span><\/span><span style=\"font-family: Times New Roman, serif;\"><span style=\"font-size: medium;\">30<\/span><\/span> <span style=\"font-family: Times New Roman, serif;\"><span style=\"font-size: medium;\">do <\/span><\/span><span style=\"font-family: Times New Roman, serif;\"><span style=\"font-size: medium;\">8.30 <\/span><\/span><span style=\"font-family: Times New Roman, serif;\"><span style=\"font-size: medium;\">lub osobi<\/span><\/span><span style=\"font-family: TimesNewRoman;\"><span style=\"font-size: medium;\">\u015b<\/span><\/span><span style=\"font-family: Times New Roman, serif;\"><span style=\"font-size: medium;\">cie <\/span><\/span><span style=\"font-family: Times New Roman, serif;\"><span style=\"font-size: medium;\">w sekretariacie <\/span><\/span><span style=\"font-family: Times New Roman, serif;\"><span style=\"font-size: medium;\">szko\u0142y<\/span><\/span><b> <\/b><span style=\"font-family: Times New Roman, serif;\"><span style=\"font-size: medium;\">w tych samych<\/span><\/span><b> <\/b><span style=\"font-family: Times New Roman, serif;\"><span style=\"font-size: medium;\"> godzinach<\/span><\/span><span style=\"font-family: Times New Roman, serif;\"><span style=\"font-size: xx-small;\">.<\/span><\/span><\/p>\n<p lang=\"zxx\" align=\"justify\"><span style=\"font-family: Times New Roman, serif;\"><span style=\"font-size: medium;\">5) Wszystkie nieobecno<\/span><\/span><span style=\"font-family: TimesNewRoman;\"><span style=\"font-size: medium;\">\u015b<\/span><\/span><span style=\"font-family: Times New Roman, serif;\"><span style=\"font-size: medium;\">ci zg\u0142oszone z zachowaniem powy<\/span><\/span><span style=\"font-family: TimesNewRoman;\"><span style=\"font-size: medium;\">\u017c<\/span><\/span><span style=\"font-family: Times New Roman, serif;\"><span style=\"font-size: medium;\">szego terminu b<\/span><\/span><span style=\"font-family: TimesNewRoman;\"><span style=\"font-size: medium;\">\u0119<\/span><\/span><span style=\"font-family: Times New Roman, serif;\"><span style=\"font-size: medium;\">d<\/span><\/span><span style=\"font-family: TimesNewRoman;\"><span style=\"font-size: medium;\">\u0105 <\/span><\/span><span style=\"font-family: Times New Roman, serif;\"><span style=\"font-size: medium;\">odliczane od <\/span><\/span><span style=\"font-family: Times New Roman, serif;\"><span style=\"font-size: medium;\">o<\/span><\/span><span style=\"font-family: Times New Roman, serif;\"><span style=\"font-size: medium;\">p\u0142aty za kolejny miesi<\/span><\/span><span style=\"font-family: TimesNewRoman;\"><span style=\"font-size: medium;\">\u0105<\/span><\/span><span style=\"font-family: Times New Roman, serif;\"><span style=\"font-size: medium;\">c. <\/span><\/span><span style=\"font-family: Times New Roman, serif;\"><span style=\"font-size: medium;\"><b>Nie b<\/b><\/span><\/span><span style=\"font-family: TimesNewRoman;\"><span style=\"font-size: medium;\">\u0119<\/span><\/span><span style=\"font-family: Times New Roman, serif;\"><span style=\"font-size: medium;\"><b>d<\/b><\/span><\/span><span style=\"font-family: TimesNewRoman;\"><span style=\"font-size: medium;\">\u0105 <\/span><\/span><span style=\"font-family: Times New Roman, serif;\"><span style=\"font-size: medium;\"><b>odliczane nieobecno<\/b><\/span><\/span><span style=\"font-family: TimesNewRoman;\"><span style=\"font-size: medium;\"><b>\u015b<\/b><\/span><\/span><span style=\"font-family: Times New Roman, serif;\"><span style=\"font-size: medium;\"><b>ci nie zg\u0142oszone lub zg\u0142oszone po terminie.<\/b><\/span><\/span><\/p>\n<p lang=\"zxx\" align=\"justify\"><span style=\"font-family: Times New Roman, serif;\"><span style=\"font-size: medium;\">6) Je<\/span><\/span><span style=\"font-family: TimesNewRoman;\"><span style=\"font-size: medium;\">\u017c<\/span><\/span><span style=\"font-family: Times New Roman, serif;\"><span style=\"font-size: medium;\">eli dzieci uczestnicz<\/span><\/span><span style=\"font-family: TimesNewRoman;\"><span style=\"font-size: medium;\">\u0105 <\/span><\/span><span style=\"font-family: Times New Roman, serif;\"><span style=\"font-size: medium;\">w <\/span><\/span><span style=\"font-family: Times New Roman, serif;\"><span style=\"font-size: medium;\">wycieczce<\/span><\/span><b> <\/b><span style=\"font-family: Times New Roman, serif;\"><span style=\"font-size: medium;\">(wyj<\/span><\/span><span style=\"font-family: TimesNewRoman;\"><span style=\"font-size: medium;\">\u015b<\/span><\/span><span style=\"font-family: Times New Roman, serif;\"><span style=\"font-size: medium;\">ciu), to odliczenie odbywa si<\/span><\/span><span style=\"font-family: TimesNewRoman;\"><span style=\"font-size: medium;\">\u0119 <\/span><\/span><span style=\"font-family: Times New Roman, serif;\"><span style=\"font-size: medium;\">automatycznie na podstawie listy sporz<\/span><\/span><span style=\"font-family: TimesNewRoman;\"><span style=\"font-size: medium;\">\u0105<\/span><\/span><span style=\"font-family: Times New Roman, serif;\"><span style=\"font-size: medium;\">dzonej przez nauczyciela \u2013 organizatora wycieczki (wyj<\/span><\/span><span style=\"font-family: TimesNewRoman;\"><span style=\"font-size: medium;\">\u015b<\/span><\/span><span style=\"font-family: Times New Roman, serif;\"><span style=\"font-size: medium;\">cia).<\/span><\/span><\/p>\n<p lang=\"zxx\" align=\"justify\"><span style=\"font-family: Times New Roman, serif;\"><span style=\"font-size: medium;\">7) W miesi<\/span><\/span><span style=\"font-family: TimesNewRoman;\"><span style=\"font-size: medium;\">\u0105<\/span><\/span><span style=\"font-family: Times New Roman, serif;\"><span style=\"font-size: medium;\">cu czerwcu b<\/span><\/span><span style=\"font-family: TimesNewRoman;\"><span style=\"font-size: medium;\">\u0119<\/span><\/span><span style=\"font-family: Times New Roman, serif;\"><span style=\"font-size: medium;\">d<\/span><\/span><span style=\"font-family: TimesNewRoman;\"><span style=\"font-size: medium;\">\u0105 <\/span><\/span><span style=\"font-family: Times New Roman, serif;\"><span style=\"font-size: medium;\">odliczane tylko te nieobecno<\/span><\/span><span style=\"font-family: TimesNewRoman;\"><span style=\"font-size: medium;\">\u015b<\/span><\/span><span style=\"font-family: Times New Roman, serif;\"><span style=\"font-size: medium;\">ci, kt\u00f3re zg\u0142oszone b<\/span><\/span><span style=\"font-family: TimesNewRoman;\"><span style=\"font-size: medium;\">\u0119<\/span><\/span><span style=\"font-family: Times New Roman, serif;\"><span style=\"font-size: medium;\">d<\/span><\/span><span style=\"font-family: TimesNewRoman;\"><span style=\"font-size: medium;\">\u0105 <\/span><\/span><span style=\"font-family: Times New Roman, serif;\"><span style=\"font-size: medium;\">przed dokonani<\/span><\/span><span style=\"font-family: Times New Roman, serif;\"><span style=\"font-size: medium;\">em<\/span><\/span><span style=\"font-family: Times New Roman, serif;\"><span style=\"font-size: medium;\"> wp\u0142aty.<\/span><\/span><\/p>\n<p lang=\"zxx\" align=\"justify\"><span style=\"font-family: Times New Roman, serif;\"><span style=\"font-size: medium;\">8)<\/span><\/span><i> <\/i><span style=\"font-family: Times New Roman, serif;\"><span style=\"font-size: medium;\">W przypadku rezygnacji z obiad\u00f3w lub zmiany termin\u00f3w korzystania z obiad\u00f3w, fakt ten nale<\/span><\/span><span style=\"font-family: TimesNewRoman;\"><span style=\"font-size: medium;\">\u017c<\/span><\/span><span style=\"font-family: Times New Roman, serif;\"><span style=\"font-size: medium;\">y zg\u0142osi<\/span><\/span><span style=\"font-family: TimesNewRoman;\"><span style=\"font-size: medium;\">\u0107 w sekretariacie szko\u0142y<\/span><\/span><span style=\"font-family: Times New Roman, serif;\"><span style=\"font-size: medium;\"><b> do 25 dnia miesi<\/b><\/span><\/span><span style=\"font-family: TimesNewRoman;\"><span style=\"font-size: medium;\"><b>\u0105<\/b><\/span><\/span><span style=\"font-family: Times New Roman, serif;\"><span style=\"font-size: medium;\"><b>ca <\/b><\/span><\/span><span style=\"font-family: Times New Roman, serif;\"><span style=\"font-size: medium;\"><b>poprzedzaj\u0105cego miesi\u0105c<\/b><\/span><\/span><span style=\"font-family: Times New Roman, serif;\"><span style=\"font-size: medium;\"><b>, w kt\u00f3rym ucze<\/b><\/span><\/span><span style=\"font-family: TimesNewRoman;\"><span style=\"font-size: medium;\"><b>\u0144<\/b><\/span><\/span><b> <\/b><span style=\"font-family: Times New Roman, serif;\"><span style=\"font-size: medium;\"><b>zamierza zrezygnowa\u0107<\/b><\/span><\/span><span style=\"font-family: Times New Roman, serif;\"><span style=\"font-size: medium;\"><b>.<\/b><\/span><\/span><\/p>\n<p lang=\"zxx\"><span style=\"font-size: medium;\"><u>Prosimy o terminowe dokonywanie wp\u0142at.<\/u><\/span><\/p>\n<p>&nbsp;<\/p>\n<p align=\"center\">&nbsp;<\/p>\n<p align=\"center\"><a href=\"http:\/\/sp2czaniec.edu.pl\/wp-content\/uploads\/2022\/09\/karta_zgloszenia_swietlica.pdf\">Deklaracja korzystania z obiad\u00f3w w sto\u0142\u00f3wce szkolnej (pobierz)<\/a><\/p>\n","protected":false},"excerpt":{"rendered":"<p>&nbsp; GODZINY PRACY \u015aWIETLICY SZKOLNEJ &nbsp; &nbsp; mgr Krystyna Borowczyk mgr Teresa Bryniak &#8211; Mazur mgr Monika Dyba\u0142 mgr Ewelina Kudzia mgr Grzegorz Piekie\u0142ko mgr Aneta Sepio\u0142o mgr Anna Skrzypiec mgr Katarzyna Witkowska mgr Katarzyna Wr\u00f3blewska &nbsp; &nbsp; codziennie od 7.00 do 16.00 &nbsp; Karta zg\u0142oszenia dziecka do \u015bwietlicy (pobierz) [&hellip;]<\/p>\n","protected":false},"author":1,"featured_media":0,"parent":0,"menu_order":0,"comment_status":"closed","ping_status":"closed","template":"","meta":{"ngg_post_thumbnail":0,"footnotes":""},"class_list":["post-2137","page","type-page","status-publish","hentry"],"_links":{"self":[{"href":"https:\/\/sp2czaniec.edu.pl\/index.php?rest_route=\/wp\/v2\/pages\/2137","targetHints":{"allow":["GET"]}}],"collection":[{"href":"https:\/\/sp2czaniec.edu.pl\/index.php?rest_route=\/wp\/v2\/pages"}],"about":[{"href":"https:\/\/sp2czaniec.edu.pl\/index.php?rest_route=\/wp\/v2\/types\/page"}],"author":[{"embeddable":true,"href":"https:\/\/sp2czaniec.edu.pl\/index.php?rest_route=\/wp\/v2\/users\/1"}],"replies":[{"embeddable":true,"href":"https:\/\/sp2czaniec.edu.pl\/index.php?rest_route=%2Fwp%2Fv2%2Fcomments&post=2137"}],"version-history":[{"count":15,"href":"https:\/\/sp2czaniec.edu.pl\/index.php?rest_route=\/wp\/v2\/pages\/2137\/revisions"}],"predecessor-version":[{"id":6505,"href":"https:\/\/sp2czaniec.edu.pl\/index.php?rest_route=\/wp\/v2\/pages\/2137\/revisions\/6505"}],"wp:attachment":[{"href":"https:\/\/sp2czaniec.edu.pl\/index.php?rest_route=%2Fwp%2Fv2%2Fmedia&parent=2137"}],"curies":[{"name":"wp","href":"https:\/\/api.w.org\/{rel}","templated":true}]}}