{"id":2139,"date":"2021-09-15T06:28:05","date_gmt":"2021-09-15T04:28:05","guid":{"rendered":"http:\/\/sp2czaniec.edu.pl\/?page_id=2139"},"modified":"2025-10-29T09:26:27","modified_gmt":"2025-10-29T08:26:27","slug":"pedagog-szkolny","status":"publish","type":"page","link":"https:\/\/sp2czaniec.edu.pl\/?page_id=2139","title":{"rendered":"Psycholog i pedagog szkolny"},"content":{"rendered":"<p align=\"center\"><span style=\"font-family: Georgia, serif;\"><span style=\"font-size: medium;\"><b><img fetchpriority=\"high\" decoding=\"async\" class=\" wp-image-6276 alignleft\" src=\"http:\/\/sp2czaniec.edu.pl\/wp-content\/uploads\/2025\/10\/pedagog-psycholog-300x90.png\" alt=\"\" width=\"463\" height=\"139\" srcset=\"https:\/\/sp2czaniec.edu.pl\/wp-content\/uploads\/2025\/10\/pedagog-psycholog-300x90.png 300w, https:\/\/sp2czaniec.edu.pl\/wp-content\/uploads\/2025\/10\/pedagog-psycholog-1024x307.png 1024w, https:\/\/sp2czaniec.edu.pl\/wp-content\/uploads\/2025\/10\/pedagog-psycholog-768x230.png 768w, https:\/\/sp2czaniec.edu.pl\/wp-content\/uploads\/2025\/10\/pedagog-psycholog-1536x461.png 1536w, https:\/\/sp2czaniec.edu.pl\/wp-content\/uploads\/2025\/10\/pedagog-psycholog.png 2000w\" sizes=\"(max-width: 463px) 100vw, 463px\" \/><\/b><\/span><\/span><\/p>\n<p align=\"center\">&nbsp;<\/p>\n<p style=\"text-align: left;\" align=\"center\"><span style=\"font-family: Georgia, serif;\"><span style=\"font-size: medium;\"><b>&nbsp; GODZINY PRACY PEDAGOGA i PSYCHOLOGA SZKOLNEGO<\/b><\/span><\/span><\/p>\n<p style=\"text-align: left;\" align=\"center\"><span style=\"font-family: Georgia, serif;\"><span style=\"font-size: medium;\"><b>&nbsp; &nbsp;mgr Aneta Sepio\u0142o<\/b><\/span><\/span><\/p>\n<p align=\"center\">&nbsp;<\/p>\n<p align=\"center\">&nbsp;<\/p>\n<p style=\"text-align: center;\" align=\"center\"><strong><span style=\"font-family: Georgia, serif;\"><span style=\"font-size: medium;\">poniedzia\u0142ek: 9.00 &#8211; 13.30<\/span><\/span><\/strong><\/p>\n<p style=\"text-align: center;\" align=\"center\"><strong><span style=\"font-family: Georgia, serif;\"><span style=\"font-size: medium;\">wtorek: 9.30 &#8211; 14.00<\/span><\/span><\/strong><\/p>\n<p style=\"text-align: center;\" align=\"center\"><strong><span style=\"font-family: Georgia, serif;\"><span style=\"font-size: medium;\">\u015broda: 7.50 &#8211; 15.20<\/span><\/span><\/strong><\/p>\n<p style=\"text-align: center;\" align=\"center\"><strong><span style=\"font-family: Georgia, serif;\"><span style=\"font-size: medium;\">czwartek: 7.50 &#8211; 14.20<\/span><\/span><\/strong><\/p>\n<p style=\"text-align: center;\" align=\"center\"><strong><span style=\"font-family: Georgia, serif;\"><span style=\"font-size: medium;\">pi\u0105tek:11.30 &#8211; 13.30<\/span><\/span><\/strong><\/p>\n","protected":false},"excerpt":{"rendered":"<p>&nbsp; &nbsp; GODZINY PRACY PEDAGOGA i PSYCHOLOGA SZKOLNEGO &nbsp; &nbsp;mgr Aneta Sepio\u0142o &nbsp; &nbsp; poniedzia\u0142ek: 9.00 &#8211; 13.30 wtorek: 9.30 &#8211; 14.00 \u015broda: 7.50 &#8211; 15.20 czwartek: 7.50 &#8211; 14.20 pi\u0105tek:11.30 &#8211; 13.30<\/p>\n","protected":false},"author":1,"featured_media":0,"parent":0,"menu_order":0,"comment_status":"closed","ping_status":"closed","template":"","meta":{"ngg_post_thumbnail":0,"footnotes":""},"class_list":["post-2139","page","type-page","status-publish","hentry"],"_links":{"self":[{"href":"https:\/\/sp2czaniec.edu.pl\/index.php?rest_route=\/wp\/v2\/pages\/2139","targetHints":{"allow":["GET"]}}],"collection":[{"href":"https:\/\/sp2czaniec.edu.pl\/index.php?rest_route=\/wp\/v2\/pages"}],"about":[{"href":"https:\/\/sp2czaniec.edu.pl\/index.php?rest_route=\/wp\/v2\/types\/page"}],"author":[{"embeddable":true,"href":"https:\/\/sp2czaniec.edu.pl\/index.php?rest_route=\/wp\/v2\/users\/1"}],"replies":[{"embeddable":true,"href":"https:\/\/sp2czaniec.edu.pl\/index.php?rest_route=%2Fwp%2Fv2%2Fcomments&post=2139"}],"version-history":[{"count":8,"href":"https:\/\/sp2czaniec.edu.pl\/index.php?rest_route=\/wp\/v2\/pages\/2139\/revisions"}],"predecessor-version":[{"id":6278,"href":"https:\/\/sp2czaniec.edu.pl\/index.php?rest_route=\/wp\/v2\/pages\/2139\/revisions\/6278"}],"wp:attachment":[{"href":"https:\/\/sp2czaniec.edu.pl\/index.php?rest_route=%2Fwp%2Fv2%2Fmedia&parent=2139"}],"curies":[{"name":"wp","href":"https:\/\/api.w.org\/{rel}","templated":true}]}}