{"id":2393,"date":"2021-10-19T10:12:55","date_gmt":"2021-10-19T08:12:55","guid":{"rendered":"http:\/\/sp2czaniec.edu.pl\/?page_id=2393"},"modified":"2025-10-17T13:42:57","modified_gmt":"2025-10-17T11:42:57","slug":"kadra-2","status":"publish","type":"page","link":"https:\/\/sp2czaniec.edu.pl\/?page_id=2393","title":{"rendered":"Kadra"},"content":{"rendered":"<p style=\"text-align: center;\"><strong><span class=\"ff4 fc0 fs14 fb fu \">mgr Agnieszka Kowalska \u2013 dyrektor szko\u0142y <\/span><\/strong><\/p>\n<p style=\"text-align: center;\"><strong><span class=\"ff4 fc0 fs14 fb fu \">mgr Dagmara G\u0119sicka \u2013 wicedyrektor szko\u0142y<\/span><\/strong><\/p>\n<p style=\"text-align: center;\">&nbsp;<\/p>\n<p style=\"text-align: center;\">mgr Katarzyna Bana\u015b \u2013 nauczyciel wspomagaj\u0105cy proces kszta\u0142cenia, pedagog specjalny<\/p>\n<p style=\"text-align: center;\">mgr Krystyna Borowczyk \u2013 nauczyciel wspomagaj\u0105cy proces kszta\u0142cenia, zaj\u0119cia \u015bwietlicowe<\/p>\n<p style=\"text-align: center;\">mgr Teresa Bryniak &#8211; Mazur \u2013 nauczyciel bibliotekarz, j\u0119zyk polski, zaj\u0119cia \u015bwietlicowe<\/p>\n<p style=\"text-align: center;\">mgr Joanna Drabczyk \u2013 nauczyciel wspomagaj\u0105cy proces kszta\u0142cenia, nauczyciel rewalidacji, pedagog specjalny<\/p>\n<p style=\"text-align: center;\">mgr Monika Dyba\u0142 \u2013 edukacja wczesnoszkolna, j\u0119zyk niemiecki, zaj\u0119cia \u015bwietlicowe<\/p>\n<p style=\"text-align: center;\">mgr Sabina Gaw\u0119da \u2013 nauczyciel wspomagaj\u0105cy proces kszta\u0142cenia, nauczyciel terapii pedagogicznej, nauczyciel rewalidacji<\/p>\n<p style=\"text-align: center;\">mgr Dagmara G\u0119sicka \u2013 matematyka<\/p>\n<p style=\"text-align: center;\">mgr Ma\u0142gorzata Jurzak \u2013 j\u0119zyk angielski, zaj\u0119cia \u015bwietlicowe, roczna nieobecno\u015b\u0107 w pracy<\/p>\n<p style=\"text-align: center;\">mgr Aneta Karasi\u0144ska \u2013 geografia, zaj\u0119cia techniczne, wychowanie do \u017cycia w rodzinie<\/p>\n<p style=\"text-align: center;\">mgr Ewelina Klapka \u2013 chemia<\/p>\n<p style=\"text-align: center;\">mgr Agnieszka Kowalska \u2013 informatyka<\/p>\n<p style=\"text-align: center;\">mgr Ewelina Kudzia \u2013 edukacja wczesnoszkolna, zaj\u0119cia \u015bwietlicowe, pedagog specjalny<\/p>\n<p style=\"text-align: center;\">mgr Estera Matykiewicz &#8211; j\u0119zyk polski<\/p>\n<p style=\"text-align: center;\">Barbara Moc &#8211; Mika &#8211; j\u0119zyk angielski<\/p>\n<p style=\"text-align: center;\">mgr Grzegorz Piekie\u0142ko &#8211; informatyka, zaj\u0119cia \u015bwietlicowe<\/p>\n<p style=\"text-align: center;\">mgr \u0141ukasz Rodak \u2013 wychowanie fizyczne, edukacja dla bezpiecze\u0144stwa<\/p>\n<p style=\"text-align: center;\">mgr Aneta Sepio\u0142o \u2013 pedagog szkolny, psycholog szkolny, zaj\u0119cia \u015bwietlicowe<\/p>\n<p style=\"text-align: center;\">mgr Iwona Sklorz \u2013 d\u0142u\u017csza nieobecno\u015b\u0107 w pracy<\/p>\n<p style=\"text-align: center;\">mgr Anna Skrzypiec \u2013 j\u0119zyk angielski, zaj\u0119cia \u015bwietlicowe<\/p>\n<p style=\"text-align: center;\">mgr Kinga Sporek \u2013 edukacja wczesnoszkolna, etyka, j\u0119zyk polski<\/p>\n<p style=\"text-align: center;\">mgr Izabela Szatanik \u2013 Juras \u2013 edukacja wczesnoszkolna, pedagog specjalny<\/p>\n<p style=\"text-align: center;\">mgr Agnieszka Tomiak \u2013 edukacja wczesnoszkolna, j\u0119zyk angielski<\/p>\n<p style=\"text-align: center;\">mgr Marzena Tomiak \u2013 j\u0119zyk polski, bibliotekarz, logopeda, rewalidacja<\/p>\n<p style=\"text-align: center;\">mgr Katarzyna Witkowska \u2013 plastyka, muzyka, zaj\u0119cia \u015bwietlicowe<\/p>\n<p style=\"text-align: center;\">mgr Katarzyna Wr\u00f3blewska \u2013 nauczyciel wspomagaj\u0105cy proces kszta\u0142cenia, pedagog specjalny, zaj\u0119cia \u015bwietlicowe<\/p>\n<p style=\"text-align: center;\">mgr Agnieszka Wojty\u0142a \u2013 Szymik \u2013 historia, WOS, wychowanie fizyczne<\/p>\n<p style=\"text-align: center;\">mgr Agnieszka Wykr\u0119t \u2013 nauczyciel wspomagaj\u0105cy proces kszta\u0142cenia, wychowanie fizyczne<\/p>\n<p style=\"text-align: center;\">ks. mgr Piotr Zawarus \u2013 religia<\/p>\n<p style=\"text-align: center;\">mgr Katarzyna Zemanek \u2013 przyroda, biologia<\/p>\n<p style=\"text-align: center;\">mgr Renata Zo\u0144 &#8211; rewalidacja<\/p>\n<p>&nbsp;<\/p>\n<p style=\"text-align: center;\"><strong>Pracownicy administracji i obs\u0142ugi technicznej<\/strong><\/p>\n<p style=\"text-align: center;\">Joanna Ko\u0142ek<\/p>\n<p style=\"text-align: center;\">Katarzyna Kaczmarczyk<\/p>\n<p style=\"text-align: center;\">Wanda P\u0119kala<\/p>\n<p style=\"text-align: center;\">Bo\u017cena Wr\u00f3bel<\/p>\n<p style=\"text-align: center;\">Katarzyna Borowczyk<\/p>\n<p style=\"text-align: center;\">Jacek Drabek<\/p>\n<p style=\"text-align: center;\"><span class=\"ff3 fc2 fs14 fb \">&nbsp;<\/span><\/p>\n","protected":false},"excerpt":{"rendered":"<p>mgr Agnieszka Kowalska \u2013 dyrektor szko\u0142y mgr Dagmara G\u0119sicka \u2013 wicedyrektor szko\u0142y &nbsp; mgr Katarzyna Bana\u015b \u2013 nauczyciel wspomagaj\u0105cy proces kszta\u0142cenia, pedagog specjalny mgr Krystyna Borowczyk \u2013 nauczyciel wspomagaj\u0105cy proces kszta\u0142cenia, zaj\u0119cia \u015bwietlicowe mgr Teresa Bryniak &#8211; Mazur \u2013 nauczyciel bibliotekarz, j\u0119zyk polski, zaj\u0119cia \u015bwietlicowe mgr Joanna Drabczyk \u2013 nauczyciel [&hellip;]<\/p>\n","protected":false},"author":2,"featured_media":0,"parent":0,"menu_order":0,"comment_status":"closed","ping_status":"closed","template":"","meta":{"ngg_post_thumbnail":0,"footnotes":""},"class_list":["post-2393","page","type-page","status-publish","hentry"],"_links":{"self":[{"href":"https:\/\/sp2czaniec.edu.pl\/index.php?rest_route=\/wp\/v2\/pages\/2393","targetHints":{"allow":["GET"]}}],"collection":[{"href":"https:\/\/sp2czaniec.edu.pl\/index.php?rest_route=\/wp\/v2\/pages"}],"about":[{"href":"https:\/\/sp2czaniec.edu.pl\/index.php?rest_route=\/wp\/v2\/types\/page"}],"author":[{"embeddable":true,"href":"https:\/\/sp2czaniec.edu.pl\/index.php?rest_route=\/wp\/v2\/users\/2"}],"replies":[{"embeddable":true,"href":"https:\/\/sp2czaniec.edu.pl\/index.php?rest_route=%2Fwp%2Fv2%2Fcomments&post=2393"}],"version-history":[{"count":15,"href":"https:\/\/sp2czaniec.edu.pl\/index.php?rest_route=\/wp\/v2\/pages\/2393\/revisions"}],"predecessor-version":[{"id":6181,"href":"https:\/\/sp2czaniec.edu.pl\/index.php?rest_route=\/wp\/v2\/pages\/2393\/revisions\/6181"}],"wp:attachment":[{"href":"https:\/\/sp2czaniec.edu.pl\/index.php?rest_route=%2Fwp%2Fv2%2Fmedia&parent=2393"}],"curies":[{"name":"wp","href":"https:\/\/api.w.org\/{rel}","templated":true}]}}