{"id":2407,"date":"2021-10-19T14:08:49","date_gmt":"2021-10-19T12:08:49","guid":{"rendered":"http:\/\/sp2czaniec.edu.pl\/?page_id=2407"},"modified":"2026-04-01T14:26:54","modified_gmt":"2026-04-01T12:26:54","slug":"akty-prawne","status":"publish","type":"page","link":"https:\/\/sp2czaniec.edu.pl\/?page_id=2407","title":{"rendered":"Akty prawne"},"content":{"rendered":"<div class=\"elementor elementor-2097\" data-elementor-type=\"wp-page\" data-elementor-id=\"2097\" data-elementor-settings=\"[]\">\n<div class=\"elementor-section-wrap\">\n<section class=\"has_eae_slider elementor-section elementor-top-section elementor-element elementor-element-49b2771 elementor-section-boxed elementor-section-height-default elementor-section-height-default\" data-id=\"49b2771\" data-element_type=\"section\">\n<div class=\"elementor-container elementor-column-gap-default\">\n<div class=\"has_eae_slider elementor-column elementor-col-100 elementor-top-column elementor-element elementor-element-15c0a5e\" data-id=\"15c0a5e\" data-element_type=\"column\">\n<div class=\"elementor-widget-wrap elementor-element-populated\">\n<div class=\"elementor-element elementor-element-80cf883 elementor-widget elementor-widget-text-editor\" data-id=\"80cf883\" data-element_type=\"widget\" data-widget_type=\"text-editor.default\">\n<div class=\"elementor-widget-container\">\n<p class=\"imAlign_center\"><strong><span class=\"ff2 fc2 fs16 fb \">Akty prawne obowi\u0105zuj\u0105ce w naszej szkole:<br \/>\n<\/span><\/strong><strong><span class=\"ff2 fc2 fs12 \">(poni\u017csze dokumenty zapisane s\u0105 w formacie pdf, aby je otworzy\u0107 nale\u017cy pos\u0142u\u017cy\u0107 si\u0119 programem Adobe Reader)<\/span><\/strong><\/p>\n<ul>\n<li><a href=\"http:\/\/sp2czaniec.edu.pl\/wp-content\/uploads\/2025\/09\/statut.pdf\">Statut Szko\u0142y Podstawowej nr 2 im. Kard. Karola Wojty\u0142y w Cza\u0144cu,<\/a><\/li>\n<li><a href=\"http:\/\/sp2czaniec.edu.pl\/wp-content\/uploads\/2026\/04\/uchwala_do_statutu.pdf\"><span style=\"font-family: Times New Roman, serif;\"><span style=\"font-size: medium;\">Uchwa\u0142a nr 12\/2025\/2026 <\/span><\/span><span style=\"font-family: Times New Roman, serif;\"><span style=\"font-size: medium;\">Rady <span style=\"font-size: 12pt; font-family: georgia, palatino, serif;\">Pedagogicznej<\/span> Szko\u0142y Podstawowej nr 2 im. Kard. K. Wojty\u0142y w Cza\u0144cu <\/span><\/span><span style=\"font-family: Times New Roman, serif;\"><span style=\"font-size: medium;\">z dnia 22.01.2026 r.<\/span><\/span><span style=\"font-family: Times New Roman, serif;\"><span style=\"font-size: medium;\">w sprawie<\/span>&nbsp;<span style=\"font-size: medium;\">zmian w <\/span><span style=\"font-size: medium;\">Statu<\/span><span style=\"font-size: medium;\">cie<\/span><span style=\"font-size: medium;\"> Szko\u0142y<\/span><\/span><\/a><\/li>\n<li><a href=\"http:\/\/sp2czaniec.edu.pl\/wp-content\/uploads\/2025\/06\/Program-wychowawczo-profilaktyczny-2024-2025.pdf\">Program Profilaktyczno &#8211; Wychowawczy,<\/a><\/li>\n<li><a href=\"http:\/\/sp2czaniec.edu.pl\/wp-content\/uploads\/2026\/04\/STANDARDY-OCHRONY-MALOLETNICH-1.pdf\">Standardy Ochrony Ma\u0142oletnich,<\/a><\/li>\n<li><a href=\"http:\/\/sp2czaniec.edu.pl\/wp-content\/uploads\/2024\/02\/SOM_wersja_dla_dzieci.pdf\">Standardy Ochrony Ma\u0142oletnich &#8211; wersja dla dzieci,<\/a><\/li>\n<li><a href=\"http:\/\/sp2czaniec.edu.pl\/wp-content\/uploads\/2026\/04\/procedury.pdf\">Procedury post\u0119powania w sytuacjach kryzysowych,<\/a><\/li>\n<li><a href=\"http:\/\/sp2czaniec.edu.pl\/wp-content\/uploads\/2025\/09\/psoz.pdf\">Punktowy System Oceniania Zachowania,<\/a><\/li>\n<li><a href=\"http:\/\/sp2czaniec.edu.pl\/wp-content\/uploads\/2021\/10\/regulamin_biblioteki_szkolnej.pdf\">Regulamin Biblioteki Szkolnej,<\/a><\/li>\n<li><a href=\"http:\/\/sp2czaniec.edu.pl\/wp-content\/uploads\/2021\/10\/regulamin_mobidziennik.pdf\">Regulamin funkcjonowania dziennika elektronicznego,<\/a><\/li>\n<li><a href=\"http:\/\/sp2czaniec.edu.pl\/wp-content\/uploads\/2021\/10\/rada_rodzicow.pdf\">Regulamin Rady Rodzic\u00f3w,<\/a><\/li>\n<li><a href=\"http:\/\/sp2czaniec.edu.pl\/wp-content\/uploads\/2021\/10\/rada_pedagogiczna.pdf\">Regulamin Rady Pedagogicznej,<\/a><\/li>\n<li><a href=\"http:\/\/sp2czaniec.edu.pl\/wp-content\/uploads\/2021\/11\/ceremonial_szkoly.pdf\">Ceremionia\u0142 Szko\u0142y,<\/a><\/li>\n<li><a href=\"http:\/\/sp2czaniec.edu.pl\/wp-content\/uploads\/2021\/11\/regulamin_SU.pdf\">Regulamin Samorz\u0105du Uczniowskiego,<\/a><\/li>\n<li><a href=\"http:\/\/sp2czaniec.edu.pl\/wp-content\/uploads\/2021\/11\/regulamin_pracy_sp.pdf\">Regulamin Pracy Pracownik\u00f3w Samorz\u0105dowych w Szkole Podstawowej nr 2 w Cza\u0144cu.<\/a><\/li>\n<\/ul>\n<\/div>\n<\/div>\n<\/div>\n<\/div>\n<\/div>\n<\/section>\n<\/div>\n<\/div>\n","protected":false},"excerpt":{"rendered":"<p>Akty prawne obowi\u0105zuj\u0105ce w naszej szkole: (poni\u017csze dokumenty zapisane s\u0105 w formacie pdf, aby je otworzy\u0107 nale\u017cy pos\u0142u\u017cy\u0107 si\u0119 programem Adobe Reader) Statut Szko\u0142y Podstawowej nr 2 im. Kard. Karola Wojty\u0142y w Cza\u0144cu, Uchwa\u0142a nr 12\/2025\/2026 Rady Pedagogicznej Szko\u0142y Podstawowej nr 2 im. Kard. K. Wojty\u0142y w Cza\u0144cu z dnia [&hellip;]<\/p>\n","protected":false},"author":2,"featured_media":0,"parent":0,"menu_order":0,"comment_status":"closed","ping_status":"closed","template":"","meta":{"ngg_post_thumbnail":0,"footnotes":""},"class_list":["post-2407","page","type-page","status-publish","hentry"],"_links":{"self":[{"href":"https:\/\/sp2czaniec.edu.pl\/index.php?rest_route=\/wp\/v2\/pages\/2407","targetHints":{"allow":["GET"]}}],"collection":[{"href":"https:\/\/sp2czaniec.edu.pl\/index.php?rest_route=\/wp\/v2\/pages"}],"about":[{"href":"https:\/\/sp2czaniec.edu.pl\/index.php?rest_route=\/wp\/v2\/types\/page"}],"author":[{"embeddable":true,"href":"https:\/\/sp2czaniec.edu.pl\/index.php?rest_route=\/wp\/v2\/users\/2"}],"replies":[{"embeddable":true,"href":"https:\/\/sp2czaniec.edu.pl\/index.php?rest_route=%2Fwp%2Fv2%2Fcomments&post=2407"}],"version-history":[{"count":34,"href":"https:\/\/sp2czaniec.edu.pl\/index.php?rest_route=\/wp\/v2\/pages\/2407\/revisions"}],"predecessor-version":[{"id":6729,"href":"https:\/\/sp2czaniec.edu.pl\/index.php?rest_route=\/wp\/v2\/pages\/2407\/revisions\/6729"}],"wp:attachment":[{"href":"https:\/\/sp2czaniec.edu.pl\/index.php?rest_route=%2Fwp%2Fv2%2Fmedia&parent=2407"}],"curies":[{"name":"wp","href":"https:\/\/api.w.org\/{rel}","templated":true}]}}